{"id":3,"date":"2023-10-19T16:46:18","date_gmt":"2023-10-19T16:46:18","guid":{"rendered":"http:\/\/schnauzer-vom-schwarzen-oleander.de\/?page_id=3"},"modified":"2025-03-31T14:47:22","modified_gmt":"2025-03-31T14:47:22","slug":"impressum","status":"publish","type":"page","link":"https:\/\/schnauzer-vom-schwarzen-oleander.de\/?page_id=3","title":{"rendered":"Impressum"},"content":{"rendered":"\n<h3 class=\"wp-block-heading\">Simone Eisele<\/h3>\n\n\n\n<div class=\"wp-block-group has-white-color has-text-color has-background has-link-color wp-elements-b6e7db2ccfd7826f3f90eae24c4a1b67\" style=\"background-color:#637c61\"><div class=\"wp-block-group__inner-container is-layout-constrained wp-block-group-is-layout-constrained\">\n<p class=\"has-white-color has-text-color has-background has-link-color wp-elements-6790764a5fcc3a4bf13f9d84f1f87f42\" style=\"background-color:#637c61\">Schie\u00dfmauer 3<br>67435 Neustadt<\/p>\n\n\n\n<p class=\"has-white-color has-text-color has-background has-link-color wp-elements-4eaf5e28b96fc1258670f27de6756ab9\" style=\"background-color:#637c61\">E-Mail: info@schnauzer-vom-schwarzen-oleander.de<br>Telefon: 06321-87 88 278<\/p>\n\n\n\n<p class=\"has-white-color has-text-color has-background has-link-color wp-elements-a5aeaf624747a37118e0df8d28708bfd\" style=\"background-color:#637c61\">Website: www.schnauzer-vom-schwarzen-oleander.de, vertreten durch Simone Eisele<\/p>\n\n\n\n<p class=\"has-white-color has-text-color has-background has-link-color wp-elements-f4b4be2084fa070b0533bef5246dcd50\" style=\"background-color:#637c61\"><strong>Online-Streitbeilegung (B2C)<\/strong><br>Die EU-Kommission hat eine Internetplattform zur Online-Beilegung von Streitigkeiten betreffend vertraglicher Verpflichtungen aus Online-Vertr\u00e4gen geschaffen (OS-Plattform). Der Kunde kann die OS-Plattform unter dem folgenden Link erreichen: <a href=\"https:\/\/ec.europa.eu\/consumers\/odr\/\">http:\/\/ec.europa.eu\/consumers\/odr\/<\/a><\/p>\n\n\n\n<p class=\"has-white-color has-text-color has-background has-link-color wp-elements-a465997fdf9a451e7e267b60b476d37c\" style=\"background-color:#637c61\"><strong>Haftung f\u00fcr Links<\/strong><br>Externe Links der Internetseite von Simone Eisele f\u00fchren zu Inhalten fremder Anbieter. F\u00fcr diese Inhalte ist allein der jeweilige Anbieter verantwortlich. Bei bekannt werden von Rechtsverletzungen werden diese Links umgehend entfernt.<\/p>\n\n\n\n<p class=\"has-white-color has-text-color has-background has-link-color wp-elements-515788c421f010404563ccc48793ce8a\" style=\"background-color:#637c61\"><strong>Urheberrechtshinweis<\/strong><br>Die durch Simone Eisele erstellten Inhalte und Werke auf dieser Website unterliegen dem deutschen Urheberrecht. Die Vervielf\u00e4ltigung, Bearbeitung, Verbreitung und jede Art der Verwertung au\u00dferhalb der Grenzen des Urheberrechtes bed\u00fcrfen der schriftlichen Zustimmung des jeweiligen Autors bzw. Erstellers. Soweit die Inhalte auf dieser Seite nicht von Simone Eisele selbst erstellt wurden, werden Urheberrechte Dritter beachtet. Insbesondere werden Inhalte Dritter als solche gekennzeichnet. Sollten Sie trotzdem auf eine Urheberrechtsverletzung aufmerksam werden, wird um einen entsprechenden Hinweis gebeten. Bei Bekanntwerden von Rechtsverletzungen wird Simone Eisele derartige Inhalte umgehend entfernen.<\/p>\n<\/div><\/div>\n\n\n\n<!--more-->\n","protected":false},"excerpt":{"rendered":"<p>Simone Eisele Schie\u00dfmauer 367435 Neustadt E-Mail: info@schnauzer-vom-schwarzen-oleander.deTelefon: 06321-87 88 278 Website: www.schnauzer-vom-schwarzen-oleander.de, vertreten durch Simone Eisele Online-Streitbeilegung (B2C)Die EU-Kommission hat eine Internetplattform zur Online-Beilegung von Streitigkeiten betreffend vertraglicher Verpflichtungen aus Online-Vertr\u00e4gen geschaffen (OS-Plattform). Der Kunde kann die OS-Plattform unter dem folgenden Link erreichen: http:\/\/ec.europa.eu\/consumers\/odr\/ Haftung f\u00fcr LinksExterne Links der Internetseite von Simone Eisele f\u00fchren zu [&hellip;]<\/p>\n","protected":false},"author":1,"featured_media":0,"parent":0,"menu_order":0,"comment_status":"closed","ping_status":"closed","template":"","meta":{"footnotes":""},"class_list":["post-3","page","type-page","status-publish","hentry","post"],"yoast_head":"<!-- This site is optimized with the Yoast SEO plugin v26.8 - https:\/\/yoast.com\/product\/yoast-seo-wordpress\/ -->\n<title>Impressum - Schnauzer vom schwarzen Oleander<\/title>\n<meta name=\"robots\" content=\"index, follow, max-snippet:-1, max-image-preview:large, max-video-preview:-1\" \/>\n<link rel=\"canonical\" href=\"https:\/\/schnauzer-vom-schwarzen-oleander.de\/?page_id=3\" \/>\n<meta property=\"og:locale\" content=\"de_DE\" \/>\n<meta property=\"og:type\" content=\"article\" \/>\n<meta property=\"og:title\" content=\"Impressum - Schnauzer vom schwarzen Oleander\" \/>\n<meta property=\"og:description\" content=\"Simone Eisele Schie\u00dfmauer 367435 Neustadt E-Mail: info@schnauzer-vom-schwarzen-oleander.deTelefon: 06321-87 88 278 Website: www.schnauzer-vom-schwarzen-oleander.de, vertreten durch Simone Eisele Online-Streitbeilegung (B2C)Die EU-Kommission hat eine Internetplattform zur Online-Beilegung von Streitigkeiten betreffend vertraglicher Verpflichtungen aus Online-Vertr\u00e4gen geschaffen (OS-Plattform). Der Kunde kann die OS-Plattform unter dem folgenden Link erreichen: http:\/\/ec.europa.eu\/consumers\/odr\/ Haftung f\u00fcr LinksExterne Links der Internetseite von Simone Eisele f\u00fchren zu [&hellip;]\" \/>\n<meta property=\"og:url\" content=\"https:\/\/schnauzer-vom-schwarzen-oleander.de\/?page_id=3\" \/>\n<meta property=\"og:site_name\" content=\"Schnauzer vom schwarzen Oleander\" \/>\n<meta property=\"article:publisher\" content=\"http:\/\/www.facebook.com\/profile.php?id=61555224265230\" \/>\n<meta property=\"article:modified_time\" content=\"2025-03-31T14:47:22+00:00\" \/>\n<meta name=\"twitter:card\" content=\"summary_large_image\" \/>\n<meta name=\"twitter:label1\" content=\"Gesch\u00e4tzte Lesezeit\" \/>\n\t<meta name=\"twitter:data1\" content=\"1\u00a0Minute\" \/>\n<script type=\"application\/ld+json\" class=\"yoast-schema-graph\">{\"@context\":\"https:\/\/schema.org\",\"@graph\":[{\"@type\":\"WebPage\",\"@id\":\"https:\/\/schnauzer-vom-schwarzen-oleander.de\/?page_id=3\",\"url\":\"https:\/\/schnauzer-vom-schwarzen-oleander.de\/?page_id=3\",\"name\":\"Impressum - Schnauzer vom schwarzen Oleander\",\"isPartOf\":{\"@id\":\"https:\/\/schnauzer-vom-schwarzen-oleander.de\/#website\"},\"datePublished\":\"2023-10-19T16:46:18+00:00\",\"dateModified\":\"2025-03-31T14:47:22+00:00\",\"breadcrumb\":{\"@id\":\"https:\/\/schnauzer-vom-schwarzen-oleander.de\/?page_id=3#breadcrumb\"},\"inLanguage\":\"de\",\"potentialAction\":[{\"@type\":\"ReadAction\",\"target\":[\"https:\/\/schnauzer-vom-schwarzen-oleander.de\/?page_id=3\"]}]},{\"@type\":\"BreadcrumbList\",\"@id\":\"https:\/\/schnauzer-vom-schwarzen-oleander.de\/?page_id=3#breadcrumb\",\"itemListElement\":[{\"@type\":\"ListItem\",\"position\":1,\"name\":\"Startseite\",\"item\":\"https:\/\/schnauzer-vom-schwarzen-oleander.de\/\"},{\"@type\":\"ListItem\",\"position\":2,\"name\":\"Impressum\"}]},{\"@type\":\"WebSite\",\"@id\":\"https:\/\/schnauzer-vom-schwarzen-oleander.de\/#website\",\"url\":\"https:\/\/schnauzer-vom-schwarzen-oleander.de\/\",\"name\":\"Schnauzer vom schwarzen Oleander\",\"description\":\"\",\"potentialAction\":[{\"@type\":\"SearchAction\",\"target\":{\"@type\":\"EntryPoint\",\"urlTemplate\":\"https:\/\/schnauzer-vom-schwarzen-oleander.de\/?s={search_term_string}\"},\"query-input\":{\"@type\":\"PropertyValueSpecification\",\"valueRequired\":true,\"valueName\":\"search_term_string\"}}],\"inLanguage\":\"de\"}]}<\/script>\n<!-- \/ Yoast SEO plugin. -->","yoast_head_json":{"title":"Impressum - Schnauzer vom schwarzen Oleander","robots":{"index":"index","follow":"follow","max-snippet":"max-snippet:-1","max-image-preview":"max-image-preview:large","max-video-preview":"max-video-preview:-1"},"canonical":"https:\/\/schnauzer-vom-schwarzen-oleander.de\/?page_id=3","og_locale":"de_DE","og_type":"article","og_title":"Impressum - Schnauzer vom schwarzen Oleander","og_description":"Simone Eisele Schie\u00dfmauer 367435 Neustadt E-Mail: info@schnauzer-vom-schwarzen-oleander.deTelefon: 06321-87 88 278 Website: www.schnauzer-vom-schwarzen-oleander.de, vertreten durch Simone Eisele Online-Streitbeilegung (B2C)Die EU-Kommission hat eine Internetplattform zur Online-Beilegung von Streitigkeiten betreffend vertraglicher Verpflichtungen aus Online-Vertr\u00e4gen geschaffen (OS-Plattform). Der Kunde kann die OS-Plattform unter dem folgenden Link erreichen: http:\/\/ec.europa.eu\/consumers\/odr\/ Haftung f\u00fcr LinksExterne Links der Internetseite von Simone Eisele f\u00fchren zu [&hellip;]","og_url":"https:\/\/schnauzer-vom-schwarzen-oleander.de\/?page_id=3","og_site_name":"Schnauzer vom schwarzen Oleander","article_publisher":"http:\/\/www.facebook.com\/profile.php?id=61555224265230","article_modified_time":"2025-03-31T14:47:22+00:00","twitter_card":"summary_large_image","twitter_misc":{"Gesch\u00e4tzte Lesezeit":"1\u00a0Minute"},"schema":{"@context":"https:\/\/schema.org","@graph":[{"@type":"WebPage","@id":"https:\/\/schnauzer-vom-schwarzen-oleander.de\/?page_id=3","url":"https:\/\/schnauzer-vom-schwarzen-oleander.de\/?page_id=3","name":"Impressum - Schnauzer vom schwarzen Oleander","isPartOf":{"@id":"https:\/\/schnauzer-vom-schwarzen-oleander.de\/#website"},"datePublished":"2023-10-19T16:46:18+00:00","dateModified":"2025-03-31T14:47:22+00:00","breadcrumb":{"@id":"https:\/\/schnauzer-vom-schwarzen-oleander.de\/?page_id=3#breadcrumb"},"inLanguage":"de","potentialAction":[{"@type":"ReadAction","target":["https:\/\/schnauzer-vom-schwarzen-oleander.de\/?page_id=3"]}]},{"@type":"BreadcrumbList","@id":"https:\/\/schnauzer-vom-schwarzen-oleander.de\/?page_id=3#breadcrumb","itemListElement":[{"@type":"ListItem","position":1,"name":"Startseite","item":"https:\/\/schnauzer-vom-schwarzen-oleander.de\/"},{"@type":"ListItem","position":2,"name":"Impressum"}]},{"@type":"WebSite","@id":"https:\/\/schnauzer-vom-schwarzen-oleander.de\/#website","url":"https:\/\/schnauzer-vom-schwarzen-oleander.de\/","name":"Schnauzer vom schwarzen Oleander","description":"","potentialAction":[{"@type":"SearchAction","target":{"@type":"EntryPoint","urlTemplate":"https:\/\/schnauzer-vom-schwarzen-oleander.de\/?s={search_term_string}"},"query-input":{"@type":"PropertyValueSpecification","valueRequired":true,"valueName":"search_term_string"}}],"inLanguage":"de"}]}},"_links":{"self":[{"href":"https:\/\/schnauzer-vom-schwarzen-oleander.de\/index.php?rest_route=\/wp\/v2\/pages\/3","targetHints":{"allow":["GET"]}}],"collection":[{"href":"https:\/\/schnauzer-vom-schwarzen-oleander.de\/index.php?rest_route=\/wp\/v2\/pages"}],"about":[{"href":"https:\/\/schnauzer-vom-schwarzen-oleander.de\/index.php?rest_route=\/wp\/v2\/types\/page"}],"author":[{"embeddable":true,"href":"https:\/\/schnauzer-vom-schwarzen-oleander.de\/index.php?rest_route=\/wp\/v2\/users\/1"}],"replies":[{"embeddable":true,"href":"https:\/\/schnauzer-vom-schwarzen-oleander.de\/index.php?rest_route=%2Fwp%2Fv2%2Fcomments&post=3"}],"version-history":[{"count":5,"href":"https:\/\/schnauzer-vom-schwarzen-oleander.de\/index.php?rest_route=\/wp\/v2\/pages\/3\/revisions"}],"predecessor-version":[{"id":1318,"href":"https:\/\/schnauzer-vom-schwarzen-oleander.de\/index.php?rest_route=\/wp\/v2\/pages\/3\/revisions\/1318"}],"wp:attachment":[{"href":"https:\/\/schnauzer-vom-schwarzen-oleander.de\/index.php?rest_route=%2Fwp%2Fv2%2Fmedia&parent=3"}],"curies":[{"name":"wp","href":"https:\/\/api.w.org\/{rel}","templated":true}]}}