{"id":2,"date":"2023-10-19T16:46:18","date_gmt":"2023-10-19T16:46:18","guid":{"rendered":"http:\/\/schnauzer-vom-schwarzen-oleander.de\/?page_id=2"},"modified":"2025-04-26T22:32:15","modified_gmt":"2025-04-26T22:32:15","slug":"sample-page","status":"publish","type":"page","link":"https:\/\/schnauzer-vom-schwarzen-oleander.de\/","title":{"rendered":"\u00dcber uns"},"content":{"rendered":"<div class=\"wp-block-image is-style-default\">\n<figure class=\"aligncenter size-large\"><img loading=\"lazy\" decoding=\"async\" width=\"683\" height=\"1024\" src=\"http:\/\/schnauzer-vom-schwarzen-oleander.de\/wp-content\/uploads\/2025\/04\/064-683x1024.jpg\" alt=\"\" class=\"wp-image-1416\" style=\"aspect-ratio:16\/9;object-fit:cover\" srcset=\"https:\/\/schnauzer-vom-schwarzen-oleander.de\/wp-content\/uploads\/2025\/04\/064-683x1024.jpg 683w, https:\/\/schnauzer-vom-schwarzen-oleander.de\/wp-content\/uploads\/2025\/04\/064-200x300.jpg 200w, https:\/\/schnauzer-vom-schwarzen-oleander.de\/wp-content\/uploads\/2025\/04\/064-768x1152.jpg 768w, https:\/\/schnauzer-vom-schwarzen-oleander.de\/wp-content\/uploads\/2025\/04\/064-1024x1536.jpg 1024w, https:\/\/schnauzer-vom-schwarzen-oleander.de\/wp-content\/uploads\/2025\/04\/064-1365x2048.jpg 1365w, https:\/\/schnauzer-vom-schwarzen-oleander.de\/wp-content\/uploads\/2025\/04\/064-scaled.jpg 1707w\" sizes=\"auto, (max-width: 683px) 100vw, 683px\" \/><\/figure><\/div>\n\n\n<div class=\"wp-block-columns is-layout-flex wp-container-core-columns-is-layout-1 wp-block-columns-is-layout-flex\">\n<div class=\"wp-block-column has-medium-font-size is-layout-flow wp-block-column-is-layout-flow\">\n<p><span style=\"color: #000000;\">Wir, das sind Simone und Tobias Eisele zusammen mit unseren beiden Kindern Rebecca und Mathis.<\/span><\/p>\n<p><span style=\"color: #000000;\">Wir sind Neuz\u00fcchter und halten eine reinrassige Schnauzerdame Namens Lou vom Salmbachtal. Sie lebt zusammen mit unseren beiden Katzen innerhalb unserer Familie und ist fast \u00fcberall mit dabei.<\/span><\/p>\n<p><span style=\"color: #000000;\">Wir m\u00f6chten unsere Zucht mit gr\u00f6\u00dfter Sorgfalt betreiben, dabei unterst\u00fctzt uns tatkr\u00e4ftig, Familie Vogler, die Z\u00fcchter unserer Lou. Besonders am Herzen liegt uns der Rasseerhalt unserer Schnauzer, mit Ihren vielen tollen Eigenschaften und Ihrem starken Familienbezug. Unser Ziel ist es, wesensstarke, gesunde und familienfreundliche Hunde zu z\u00fcchten.<\/span><\/p>\n<\/div>\n<\/div>\n\n\n\n<div class=\"wp-block-media-text is-stacked-on-mobile\"><figure class=\"wp-block-media-text__media\"><img loading=\"lazy\" decoding=\"async\" width=\"749\" height=\"1024\" src=\"http:\/\/schnauzer-vom-schwarzen-oleander.de\/wp-content\/uploads\/2025\/04\/KKNW8684-e1745699983354-749x1024.jpg\" alt=\"\" class=\"wp-image-1387 size-full\" srcset=\"https:\/\/schnauzer-vom-schwarzen-oleander.de\/wp-content\/uploads\/2025\/04\/KKNW8684-e1745699983354-749x1024.jpg 749w, https:\/\/schnauzer-vom-schwarzen-oleander.de\/wp-content\/uploads\/2025\/04\/KKNW8684-e1745699983354-220x300.jpg 220w, https:\/\/schnauzer-vom-schwarzen-oleander.de\/wp-content\/uploads\/2025\/04\/KKNW8684-e1745699983354-768x1050.jpg 768w, https:\/\/schnauzer-vom-schwarzen-oleander.de\/wp-content\/uploads\/2025\/04\/KKNW8684-e1745699983354.jpg 780w\" sizes=\"auto, (max-width: 749px) 100vw, 749px\" \/><\/figure><div class=\"wp-block-media-text__content\">\n<p class=\"has-black-color has-text-color has-link-color has-medium-font-size wp-elements-7f2e1ce846f30d52a9d652e4eb03f235\">Unsere Welpen wachsen innerhalb der Familie in Haus und Garten auf, werden bestens sozialisiert und gepr\u00e4gt, sind bei Abgabe mehrfach entwurmt, geimpft und gechipt und erhalten einen EU-Ausweis, sowie VDH \/PSK -Papiere.<\/p>\n\n\n\n<p class=\"has-black-color has-text-color has-link-color has-medium-font-size wp-elements-ae4ff288e6d8ab68c94914aeda358738\">Zwingerhaltung lehnen wir daher grunds\u00e4tzlich ab, f\u00fcr unsere Hunde, sowie auch deren Welpen.<\/p>\n\n\n\n<p class=\"has-black-color has-text-color has-link-color has-medium-font-size wp-elements-6a0318d35017156bdd75c339fe5b1340\">Wir freuen uns auch sp\u00e4ter nach Auszug unserer Welpen mit Ihnen in Kontakt zu bleiben.<\/p>\n<\/div><\/div>\n\n\n\n<blockquote class=\"wp-block-quote has-text-color has-background has-link-color wp-elements-4623c8eede60e1948bc9a36a17ab1598 is-layout-flow wp-block-quote-is-layout-flow\" style=\"color:#637c61;background-color:#637c61;font-style:italic;font-weight:600\">\n<p><\/p>\n<\/blockquote>\n\n\n<h3>Folgen Sie uns auch gerne auf Social Media&#8230;<\/h3>\n\n\n<div class=\"wp-block-columns is-layout-flex wp-container-core-columns-is-layout-2 wp-block-columns-is-layout-flex\">\n<div class=\"wp-block-column is-layout-flow wp-block-column-is-layout-flow\">\n<ul class=\"wp-block-social-links is-layout-flex wp-block-social-links-is-layout-flex\"><li class=\"wp-social-link wp-social-link-facebook  wp-block-social-link\"><a href=\"http:\/\/www.facebook.com\/profile.php?id=61555224265230\" class=\"wp-block-social-link-anchor\"><svg width=\"24\" height=\"24\" viewBox=\"0 0 24 24\" version=\"1.1\" xmlns=\"http:\/\/www.w3.org\/2000\/svg\" aria-hidden=\"true\" focusable=\"false\"><path d=\"M12 2C6.5 2 2 6.5 2 12c0 5 3.7 9.1 8.4 9.9v-7H7.9V12h2.5V9.8c0-2.5 1.5-3.9 3.8-3.9 1.1 0 2.2.2 2.2.2v2.5h-1.3c-1.2 0-1.6.8-1.6 1.6V12h2.8l-.4 2.9h-2.3v7C18.3 21.1 22 17 22 12c0-5.5-4.5-10-10-10z\"><\/path><\/svg><span class=\"wp-block-social-link-label screen-reader-text\">Facebook<\/span><\/a><\/li>\n\n<li class=\"wp-social-link wp-social-link-instagram  wp-block-social-link\"><a href=\"https:\/\/www.instagram.com\/schnauzer_schwarzen_oleander\/\" class=\"wp-block-social-link-anchor\"><svg width=\"24\" height=\"24\" viewBox=\"0 0 24 24\" version=\"1.1\" xmlns=\"http:\/\/www.w3.org\/2000\/svg\" aria-hidden=\"true\" focusable=\"false\"><path d=\"M12,4.622c2.403,0,2.688,0.009,3.637,0.052c0.877,0.04,1.354,0.187,1.671,0.31c0.42,0.163,0.72,0.358,1.035,0.673 c0.315,0.315,0.51,0.615,0.673,1.035c0.123,0.317,0.27,0.794,0.31,1.671c0.043,0.949,0.052,1.234,0.052,3.637 s-0.009,2.688-0.052,3.637c-0.04,0.877-0.187,1.354-0.31,1.671c-0.163,0.42-0.358,0.72-0.673,1.035 c-0.315,0.315-0.615,0.51-1.035,0.673c-0.317,0.123-0.794,0.27-1.671,0.31c-0.949,0.043-1.233,0.052-3.637,0.052 s-2.688-0.009-3.637-0.052c-0.877-0.04-1.354-0.187-1.671-0.31c-0.42-0.163-0.72-0.358-1.035-0.673 c-0.315-0.315-0.51-0.615-0.673-1.035c-0.123-0.317-0.27-0.794-0.31-1.671C4.631,14.688,4.622,14.403,4.622,12 s0.009-2.688,0.052-3.637c0.04-0.877,0.187-1.354,0.31-1.671c0.163-0.42,0.358-0.72,0.673-1.035 c0.315-0.315,0.615-0.51,1.035-0.673c0.317-0.123,0.794-0.27,1.671-0.31C9.312,4.631,9.597,4.622,12,4.622 M12,3 C9.556,3,9.249,3.01,8.289,3.054C7.331,3.098,6.677,3.25,6.105,3.472C5.513,3.702,5.011,4.01,4.511,4.511 c-0.5,0.5-0.808,1.002-1.038,1.594C3.25,6.677,3.098,7.331,3.054,8.289C3.01,9.249,3,9.556,3,12c0,2.444,0.01,2.751,0.054,3.711 c0.044,0.958,0.196,1.612,0.418,2.185c0.23,0.592,0.538,1.094,1.038,1.594c0.5,0.5,1.002,0.808,1.594,1.038 c0.572,0.222,1.227,0.375,2.185,0.418C9.249,20.99,9.556,21,12,21s2.751-0.01,3.711-0.054c0.958-0.044,1.612-0.196,2.185-0.418 c0.592-0.23,1.094-0.538,1.594-1.038c0.5-0.5,0.808-1.002,1.038-1.594c0.222-0.572,0.375-1.227,0.418-2.185 C20.99,14.751,21,14.444,21,12s-0.01-2.751-0.054-3.711c-0.044-0.958-0.196-1.612-0.418-2.185c-0.23-0.592-0.538-1.094-1.038-1.594 c-0.5-0.5-1.002-0.808-1.594-1.038c-0.572-0.222-1.227-0.375-2.185-0.418C14.751,3.01,14.444,3,12,3L12,3z M12,7.378 c-2.552,0-4.622,2.069-4.622,4.622S9.448,16.622,12,16.622s4.622-2.069,4.622-4.622S14.552,7.378,12,7.378z M12,15 c-1.657,0-3-1.343-3-3s1.343-3,3-3s3,1.343,3,3S13.657,15,12,15z M16.804,6.116c-0.596,0-1.08,0.484-1.08,1.08 s0.484,1.08,1.08,1.08c0.596,0,1.08-0.484,1.08-1.08S17.401,6.116,16.804,6.116z\"><\/path><\/svg><span class=\"wp-block-social-link-label screen-reader-text\">Instagram<\/span><\/a><\/li><\/ul>\n<\/div>\n\n\n\n<div class=\"wp-block-column is-layout-flow wp-block-column-is-layout-flow\"><\/div>\n<\/div>\n\n\n\n<p><\/p>\n","protected":false},"excerpt":{"rendered":"<p>Wir, das sind Simone und Tobias Eisele zusammen mit unseren beiden Kindern Rebecca und Mathis. Wir sind Neuz\u00fcchter und halten eine reinrassige Schnauzerdame Namens Lou vom Salmbachtal. Sie lebt zusammen mit unseren beiden Katzen innerhalb unserer Familie und ist fast \u00fcberall mit dabei. Wir m\u00f6chten unsere Zucht mit gr\u00f6\u00dfter Sorgfalt betreiben, dabei unterst\u00fctzt uns tatkr\u00e4ftig, [&hellip;]<\/p>\n","protected":false},"author":1,"featured_media":0,"parent":0,"menu_order":0,"comment_status":"closed","ping_status":"open","template":"","meta":{"footnotes":""},"class_list":["post-2","page","type-page","status-publish","hentry","post"],"yoast_head":"<!-- This site is optimized with the Yoast SEO plugin v26.8 - https:\/\/yoast.com\/product\/yoast-seo-wordpress\/ -->\n<title>\u00dcber uns - Schnauzer vom schwarzen Oleander<\/title>\n<meta name=\"description\" content=\"Wir z\u00fcchten schwarze Mittel-Schnauzer, gem\u00e4\u00df den Vorgaben des PSK. Wir planen unseren ersten Wurf und erwarten die Welpen im Juni 2024.\" \/>\n<meta name=\"robots\" content=\"index, follow, max-snippet:-1, max-image-preview:large, max-video-preview:-1\" \/>\n<link rel=\"canonical\" href=\"https:\/\/schnauzer-vom-schwarzen-oleander.de\/\" \/>\n<meta property=\"og:locale\" content=\"de_DE\" \/>\n<meta property=\"og:type\" content=\"article\" \/>\n<meta property=\"og:title\" content=\"\u00dcber uns - Schnauzer vom schwarzen Oleander\" \/>\n<meta property=\"og:description\" content=\"Wir z\u00fcchten schwarze Mittel-Schnauzer, gem\u00e4\u00df den Vorgaben des PSK. Wir planen unseren ersten Wurf und erwarten die Welpen im Juni 2024.\" \/>\n<meta property=\"og:url\" content=\"https:\/\/schnauzer-vom-schwarzen-oleander.de\/\" \/>\n<meta property=\"og:site_name\" content=\"Schnauzer vom schwarzen Oleander\" \/>\n<meta property=\"article:publisher\" content=\"http:\/\/www.facebook.com\/profile.php?id=61555224265230\" \/>\n<meta property=\"article:modified_time\" content=\"2025-04-26T22:32:15+00:00\" \/>\n<meta property=\"og:image\" content=\"http:\/\/schnauzer-vom-schwarzen-oleander.de\/wp-content\/uploads\/2025\/04\/064-683x1024.jpg\" \/>\n<meta name=\"twitter:card\" content=\"summary_large_image\" \/>\n<meta name=\"twitter:label1\" content=\"Gesch\u00e4tzte Lesezeit\" \/>\n\t<meta name=\"twitter:data1\" content=\"2\u00a0Minuten\" \/>\n<script type=\"application\/ld+json\" class=\"yoast-schema-graph\">{\"@context\":\"https:\/\/schema.org\",\"@graph\":[{\"@type\":\"WebPage\",\"@id\":\"https:\/\/schnauzer-vom-schwarzen-oleander.de\/\",\"url\":\"https:\/\/schnauzer-vom-schwarzen-oleander.de\/\",\"name\":\"\u00dcber uns - Schnauzer vom schwarzen Oleander\",\"isPartOf\":{\"@id\":\"https:\/\/schnauzer-vom-schwarzen-oleander.de\/#website\"},\"primaryImageOfPage\":{\"@id\":\"https:\/\/schnauzer-vom-schwarzen-oleander.de\/#primaryimage\"},\"image\":{\"@id\":\"https:\/\/schnauzer-vom-schwarzen-oleander.de\/#primaryimage\"},\"thumbnailUrl\":\"http:\/\/schnauzer-vom-schwarzen-oleander.de\/wp-content\/uploads\/2025\/04\/064-683x1024.jpg\",\"datePublished\":\"2023-10-19T16:46:18+00:00\",\"dateModified\":\"2025-04-26T22:32:15+00:00\",\"description\":\"Wir z\u00fcchten schwarze Mittel-Schnauzer, gem\u00e4\u00df den Vorgaben des PSK. Wir planen unseren ersten Wurf und erwarten die Welpen im Juni 2024.\",\"breadcrumb\":{\"@id\":\"https:\/\/schnauzer-vom-schwarzen-oleander.de\/#breadcrumb\"},\"inLanguage\":\"de\",\"potentialAction\":[{\"@type\":\"ReadAction\",\"target\":[\"https:\/\/schnauzer-vom-schwarzen-oleander.de\/\"]}]},{\"@type\":\"ImageObject\",\"inLanguage\":\"de\",\"@id\":\"https:\/\/schnauzer-vom-schwarzen-oleander.de\/#primaryimage\",\"url\":\"https:\/\/schnauzer-vom-schwarzen-oleander.de\/wp-content\/uploads\/2025\/04\/064-scaled.jpg\",\"contentUrl\":\"https:\/\/schnauzer-vom-schwarzen-oleander.de\/wp-content\/uploads\/2025\/04\/064-scaled.jpg\",\"width\":1707,\"height\":2560},{\"@type\":\"BreadcrumbList\",\"@id\":\"https:\/\/schnauzer-vom-schwarzen-oleander.de\/#breadcrumb\",\"itemListElement\":[{\"@type\":\"ListItem\",\"position\":1,\"name\":\"Startseite\",\"item\":\"https:\/\/schnauzer-vom-schwarzen-oleander.de\/\"},{\"@type\":\"ListItem\",\"position\":2,\"name\":\"\u00dcber uns\"}]},{\"@type\":\"WebSite\",\"@id\":\"https:\/\/schnauzer-vom-schwarzen-oleander.de\/#website\",\"url\":\"https:\/\/schnauzer-vom-schwarzen-oleander.de\/\",\"name\":\"Schnauzer vom schwarzen Oleander\",\"description\":\"\",\"potentialAction\":[{\"@type\":\"SearchAction\",\"target\":{\"@type\":\"EntryPoint\",\"urlTemplate\":\"https:\/\/schnauzer-vom-schwarzen-oleander.de\/?s={search_term_string}\"},\"query-input\":{\"@type\":\"PropertyValueSpecification\",\"valueRequired\":true,\"valueName\":\"search_term_string\"}}],\"inLanguage\":\"de\"}]}<\/script>\n<!-- \/ Yoast SEO plugin. -->","yoast_head_json":{"title":"\u00dcber uns - Schnauzer vom schwarzen Oleander","description":"Wir z\u00fcchten schwarze Mittel-Schnauzer, gem\u00e4\u00df den Vorgaben des PSK. Wir planen unseren ersten Wurf und erwarten die Welpen im Juni 2024.","robots":{"index":"index","follow":"follow","max-snippet":"max-snippet:-1","max-image-preview":"max-image-preview:large","max-video-preview":"max-video-preview:-1"},"canonical":"https:\/\/schnauzer-vom-schwarzen-oleander.de\/","og_locale":"de_DE","og_type":"article","og_title":"\u00dcber uns - Schnauzer vom schwarzen Oleander","og_description":"Wir z\u00fcchten schwarze Mittel-Schnauzer, gem\u00e4\u00df den Vorgaben des PSK. Wir planen unseren ersten Wurf und erwarten die Welpen im Juni 2024.","og_url":"https:\/\/schnauzer-vom-schwarzen-oleander.de\/","og_site_name":"Schnauzer vom schwarzen Oleander","article_publisher":"http:\/\/www.facebook.com\/profile.php?id=61555224265230","article_modified_time":"2025-04-26T22:32:15+00:00","og_image":[{"url":"http:\/\/schnauzer-vom-schwarzen-oleander.de\/wp-content\/uploads\/2025\/04\/064-683x1024.jpg","type":"","width":"","height":""}],"twitter_card":"summary_large_image","twitter_misc":{"Gesch\u00e4tzte Lesezeit":"2\u00a0Minuten"},"schema":{"@context":"https:\/\/schema.org","@graph":[{"@type":"WebPage","@id":"https:\/\/schnauzer-vom-schwarzen-oleander.de\/","url":"https:\/\/schnauzer-vom-schwarzen-oleander.de\/","name":"\u00dcber uns - Schnauzer vom schwarzen Oleander","isPartOf":{"@id":"https:\/\/schnauzer-vom-schwarzen-oleander.de\/#website"},"primaryImageOfPage":{"@id":"https:\/\/schnauzer-vom-schwarzen-oleander.de\/#primaryimage"},"image":{"@id":"https:\/\/schnauzer-vom-schwarzen-oleander.de\/#primaryimage"},"thumbnailUrl":"http:\/\/schnauzer-vom-schwarzen-oleander.de\/wp-content\/uploads\/2025\/04\/064-683x1024.jpg","datePublished":"2023-10-19T16:46:18+00:00","dateModified":"2025-04-26T22:32:15+00:00","description":"Wir z\u00fcchten schwarze Mittel-Schnauzer, gem\u00e4\u00df den Vorgaben des PSK. Wir planen unseren ersten Wurf und erwarten die Welpen im Juni 2024.","breadcrumb":{"@id":"https:\/\/schnauzer-vom-schwarzen-oleander.de\/#breadcrumb"},"inLanguage":"de","potentialAction":[{"@type":"ReadAction","target":["https:\/\/schnauzer-vom-schwarzen-oleander.de\/"]}]},{"@type":"ImageObject","inLanguage":"de","@id":"https:\/\/schnauzer-vom-schwarzen-oleander.de\/#primaryimage","url":"https:\/\/schnauzer-vom-schwarzen-oleander.de\/wp-content\/uploads\/2025\/04\/064-scaled.jpg","contentUrl":"https:\/\/schnauzer-vom-schwarzen-oleander.de\/wp-content\/uploads\/2025\/04\/064-scaled.jpg","width":1707,"height":2560},{"@type":"BreadcrumbList","@id":"https:\/\/schnauzer-vom-schwarzen-oleander.de\/#breadcrumb","itemListElement":[{"@type":"ListItem","position":1,"name":"Startseite","item":"https:\/\/schnauzer-vom-schwarzen-oleander.de\/"},{"@type":"ListItem","position":2,"name":"\u00dcber uns"}]},{"@type":"WebSite","@id":"https:\/\/schnauzer-vom-schwarzen-oleander.de\/#website","url":"https:\/\/schnauzer-vom-schwarzen-oleander.de\/","name":"Schnauzer vom schwarzen Oleander","description":"","potentialAction":[{"@type":"SearchAction","target":{"@type":"EntryPoint","urlTemplate":"https:\/\/schnauzer-vom-schwarzen-oleander.de\/?s={search_term_string}"},"query-input":{"@type":"PropertyValueSpecification","valueRequired":true,"valueName":"search_term_string"}}],"inLanguage":"de"}]}},"_links":{"self":[{"href":"https:\/\/schnauzer-vom-schwarzen-oleander.de\/index.php?rest_route=\/wp\/v2\/pages\/2","targetHints":{"allow":["GET"]}}],"collection":[{"href":"https:\/\/schnauzer-vom-schwarzen-oleander.de\/index.php?rest_route=\/wp\/v2\/pages"}],"about":[{"href":"https:\/\/schnauzer-vom-schwarzen-oleander.de\/index.php?rest_route=\/wp\/v2\/types\/page"}],"author":[{"embeddable":true,"href":"https:\/\/schnauzer-vom-schwarzen-oleander.de\/index.php?rest_route=\/wp\/v2\/users\/1"}],"replies":[{"embeddable":true,"href":"https:\/\/schnauzer-vom-schwarzen-oleander.de\/index.php?rest_route=%2Fwp%2Fv2%2Fcomments&post=2"}],"version-history":[{"count":38,"href":"https:\/\/schnauzer-vom-schwarzen-oleander.de\/index.php?rest_route=\/wp\/v2\/pages\/2\/revisions"}],"predecessor-version":[{"id":1515,"href":"https:\/\/schnauzer-vom-schwarzen-oleander.de\/index.php?rest_route=\/wp\/v2\/pages\/2\/revisions\/1515"}],"wp:attachment":[{"href":"https:\/\/schnauzer-vom-schwarzen-oleander.de\/index.php?rest_route=%2Fwp%2Fv2%2Fmedia&parent=2"}],"curies":[{"name":"wp","href":"https:\/\/api.w.org\/{rel}","templated":true}]}}