{"id":1574,"date":"2025-05-09T17:26:27","date_gmt":"2025-05-09T17:26:27","guid":{"rendered":"https:\/\/schnauzer-vom-schwarzen-oleander.de\/?page_id=1574"},"modified":"2025-05-17T14:09:34","modified_gmt":"2025-05-17T14:09:34","slug":"welpenstresstest","status":"publish","type":"page","link":"https:\/\/schnauzer-vom-schwarzen-oleander.de\/?page_id=1574","title":{"rendered":"Welpenstresstest"},"content":{"rendered":"\n<h2 class=\"wp-block-heading has-medium-font-size\">Fr\u00fchzeitige neurologische Stimulation beim Welpen \u201eWelpenstresstest\u201c<\/h2>\n\n\n\n<div class=\"wp-block-columns is-layout-flex wp-container-core-columns-is-layout-1 wp-block-columns-is-layout-flex\">\n<div class=\"wp-block-column is-layout-flow wp-block-column-is-layout-flow\">\n<p><span style=\"color: #000000;\">Man geht davon aus, dass die Stimulationen das Nervensystem des Welpen dazu zwingen, bereits sehr fr\u00fch auf \u201cStress\u201d zu reagieren, was sich positiv auf ihre zuk\u00fcnftige Stresstoleranz auswirkt.<\/span><\/p>\n<p><span style=\"color: #000000;\">Um das Nervensystem des Hundes bestm\u00f6glich zu beeinflussen, muss man 1x t\u00e4glich vom 3. \u2013 16. Lebenstag folgende \u00dcbungen durchf\u00fchren, die jeweils 3-5 sec. andauern sollen:<\/span><\/p>\n<\/div>\n<\/div>\n\n\n\n<div class=\"wp-block-media-text alignwide is-stacked-on-mobile is-vertically-aligned-center\" style=\"grid-template-columns:35% auto\"><figure class=\"wp-block-media-text__media\"><img loading=\"lazy\" decoding=\"async\" width=\"672\" height=\"1024\" src=\"http:\/\/schnauzer-vom-schwarzen-oleander.de\/wp-content\/uploads\/2025\/05\/IMG_2187-1-scaled-e1747490926471-672x1024.jpg\" alt=\"\" class=\"wp-image-1732 size-full\" srcset=\"https:\/\/schnauzer-vom-schwarzen-oleander.de\/wp-content\/uploads\/2025\/05\/IMG_2187-1-scaled-e1747490926471-672x1024.jpg 672w, https:\/\/schnauzer-vom-schwarzen-oleander.de\/wp-content\/uploads\/2025\/05\/IMG_2187-1-scaled-e1747490926471-197x300.jpg 197w, https:\/\/schnauzer-vom-schwarzen-oleander.de\/wp-content\/uploads\/2025\/05\/IMG_2187-1-scaled-e1747490926471-768x1170.jpg 768w, https:\/\/schnauzer-vom-schwarzen-oleander.de\/wp-content\/uploads\/2025\/05\/IMG_2187-1-scaled-e1747490926471-1008x1536.jpg 1008w, https:\/\/schnauzer-vom-schwarzen-oleander.de\/wp-content\/uploads\/2025\/05\/IMG_2187-1-scaled-e1747490926471.jpg 1260w\" sizes=\"auto, (max-width: 672px) 100vw, 672px\" \/><\/figure><div class=\"wp-block-media-text__content\">\n<p class=\"has-black-color has-text-color has-link-color has-small-font-size wp-elements-983a4303649a6eade7133aff385824bb\"><strong>Aufrechte Kopfhaltung:<br><\/strong>Der Z\u00fcchter h\u00e4lt den Welpen mit beiden H\u00e4nden senkrecht zum Boden mit dem Kopf direkt \u00fcber der Rute.<\/p>\n\n\n\n<p class=\"has-black-color has-text-color has-link-color has-small-font-size wp-elements-6306d48eba816f184bf37c212a6bec5e\"><strong>Thermostimulation:<\/strong><br>Der Welpe wird mit allen Pfoten auf ein K\u00fchlpad oder feuchtes Handtuch gesetzt<\/p>\n\n\n\n<p class=\"has-black-color has-text-color has-link-color has-small-font-size wp-elements-5c0aac9e27f15c85f2b465843c5ef46b\"><strong>Kopf nach unten halten:<\/strong><br>Mit beiden H\u00e4nden den Welpen so halten, dass der Kopf nach unten zeigt, senkrecht zum Boden.<\/p>\n\n\n\n<p class=\"has-black-color has-text-color has-link-color has-small-font-size wp-elements-4ffe997e25ab5a755d23487676d38d40\"><strong>R\u00fcckenlage:<\/strong><br>Die R\u00fcckenlage \u2013 Den Welpen so halten, dass sein R\u00fccken auf beiden Handflachen liegt und die Schnauze zur Decke zeigt. Der Welpe darf solange schlafen oder strampeln.<\/p>\n\n\n\n<p class=\"has-black-color has-text-color has-link-color has-small-font-size wp-elements-834a2c383906b6ebb22207a49cb64eac\"><strong>Taststimulation:<br>&nbsp;<\/strong>Der Z\u00fcchter h\u00e4lt den Welpen in der einen Hand und stimuliert ihn mit der anderen mit einem Wattest\u00e4bchen zwischen den Zehen einer beliebigen Pfote<\/p>\n<\/div><\/div>\n\n\n\n<div class=\"wp-block-columns has-medium-font-size is-layout-flex wp-container-core-columns-is-layout-2 wp-block-columns-is-layout-flex\">\n<div class=\"wp-block-column has-small-font-size is-layout-flow wp-block-column-is-layout-flow\">\n<p><span style=\"color: #000000;\">Bei Lerntests wurde festgestellt, dass stimu\u00adlierte Welpen aktiver und erkundigungsfreudi\u00adger waren, als ihre nicht stimulierten Wurfge\u00adschwister.\u00a0<\/span><span style=\"color: #000000;\">In Bezug auf den Leistungstest wurden auch sekund\u00e4re Auswirkungen gefunden. In einfa\u00adchen Probleml\u00f6sungstests, z.B. mit Umleitun\u00adgen in einem Irrgarten, wurden die nicht stimu\u00adlierten Welpen \u00e4u\u00dferst aufgeregt, winselten sehr viel und machten viele Fehler. Ihre stimu\u00adlierten Wurfgeschwister waren durch die Testbedingungen weniger beunruhigt oder aufge\u00adbracht und im Vergleich viel ruhiger in der Testumgebung. Sie begingen weniger Fehler und signalisierten nur gelegentlich Stressempfindungen.<\/span><\/p>\n<\/div>\n<\/div>\n\n\n\n<div class=\"wp-block-columns is-layout-flex wp-container-core-columns-is-layout-3 wp-block-columns-is-layout-flex\">\n<div class=\"wp-block-column is-layout-flow wp-block-column-is-layout-flow\">\n<figure class=\"wp-block-image size-large is-style-default\"><img loading=\"lazy\" decoding=\"async\" width=\"1024\" height=\"768\" src=\"http:\/\/schnauzer-vom-schwarzen-oleander.de\/wp-content\/uploads\/2025\/05\/IMG_2092-1-1024x768.jpg\" alt=\"\" class=\"wp-image-1606\" style=\"aspect-ratio:16\/9;object-fit:cover\" srcset=\"https:\/\/schnauzer-vom-schwarzen-oleander.de\/wp-content\/uploads\/2025\/05\/IMG_2092-1-1024x768.jpg 1024w, https:\/\/schnauzer-vom-schwarzen-oleander.de\/wp-content\/uploads\/2025\/05\/IMG_2092-1-300x225.jpg 300w, https:\/\/schnauzer-vom-schwarzen-oleander.de\/wp-content\/uploads\/2025\/05\/IMG_2092-1-768x576.jpg 768w, https:\/\/schnauzer-vom-schwarzen-oleander.de\/wp-content\/uploads\/2025\/05\/IMG_2092-1-1536x1152.jpg 1536w, https:\/\/schnauzer-vom-schwarzen-oleander.de\/wp-content\/uploads\/2025\/05\/IMG_2092-1.jpg 1600w\" sizes=\"auto, (max-width: 1024px) 100vw, 1024px\" \/><\/figure>\n<\/div>\n<\/div>\n\n\n<h6>Quelle: Neurologische Fr\u00fchstimulation (FNS) \u2013 Bio-Sensor Stimulierung (Dr. Carmen L. Battaglia. \u00dcbers. William Hartmann, rez. Marianne am.)<\/h6>\n\n\n<div class=\"wp-block-columns is-layout-flex wp-container-core-columns-is-layout-4 wp-block-columns-is-layout-flex\">\n<div class=\"wp-block-column is-layout-flow wp-block-column-is-layout-flow\">\n<figure class=\"wp-block-video\"><video controls src=\"https:\/\/schnauzer-vom-schwarzen-oleander.de\/wp-content\/uploads\/2025\/05\/QUNY5205.mp4\"><\/video><\/figure>\n<\/div>\n\n\n\n<div class=\"wp-block-column is-layout-flow wp-block-column-is-layout-flow\"><\/div>\n<\/div>\n","protected":false},"excerpt":{"rendered":"<p>Fr\u00fchzeitige neurologische Stimulation beim Welpen \u201eWelpenstresstest\u201c Man geht davon aus, dass die Stimulationen das Nervensystem des Welpen dazu zwingen, bereits sehr fr\u00fch auf \u201cStress\u201d zu reagieren, was sich positiv auf ihre zuk\u00fcnftige Stresstoleranz auswirkt. Um das Nervensystem des Hundes bestm\u00f6glich zu beeinflussen, muss man 1x t\u00e4glich vom 3. \u2013 16. Lebenstag folgende \u00dcbungen durchf\u00fchren, die [&hellip;]<\/p>\n","protected":false},"author":1,"featured_media":0,"parent":0,"menu_order":0,"comment_status":"closed","ping_status":"closed","template":"","meta":{"footnotes":""},"class_list":["post-1574","page","type-page","status-publish","hentry","post"],"yoast_head":"<!-- This site is optimized with the Yoast SEO plugin v26.8 - https:\/\/yoast.com\/product\/yoast-seo-wordpress\/ -->\n<title>Welpenstresstest - Schnauzer vom schwarzen Oleander<\/title>\n<meta name=\"robots\" content=\"index, follow, max-snippet:-1, max-image-preview:large, max-video-preview:-1\" \/>\n<link rel=\"canonical\" href=\"http:\/\/schnauzer-vom-schwarzen-oleander.de\/?page_id=1574\" \/>\n<meta property=\"og:locale\" content=\"de_DE\" \/>\n<meta property=\"og:type\" content=\"article\" \/>\n<meta property=\"og:title\" content=\"Welpenstresstest - Schnauzer vom schwarzen Oleander\" \/>\n<meta property=\"og:description\" content=\"Fr\u00fchzeitige neurologische Stimulation beim Welpen \u201eWelpenstresstest\u201c Man geht davon aus, dass die Stimulationen das Nervensystem des Welpen dazu zwingen, bereits sehr fr\u00fch auf \u201cStress\u201d zu reagieren, was sich positiv auf ihre zuk\u00fcnftige Stresstoleranz auswirkt. Um das Nervensystem des Hundes bestm\u00f6glich zu beeinflussen, muss man 1x t\u00e4glich vom 3. \u2013 16. Lebenstag folgende \u00dcbungen durchf\u00fchren, die [&hellip;]\" \/>\n<meta property=\"og:url\" content=\"http:\/\/schnauzer-vom-schwarzen-oleander.de\/?page_id=1574\" \/>\n<meta property=\"og:site_name\" content=\"Schnauzer vom schwarzen Oleander\" \/>\n<meta property=\"article:publisher\" content=\"http:\/\/www.facebook.com\/profile.php?id=61555224265230\" \/>\n<meta property=\"article:modified_time\" content=\"2025-05-17T14:09:34+00:00\" \/>\n<meta property=\"og:image\" content=\"http:\/\/schnauzer-vom-schwarzen-oleander.de\/wp-content\/uploads\/2025\/05\/IMG_2187-1-scaled-e1747490926471-672x1024.jpg\" \/>\n<meta name=\"twitter:card\" content=\"summary_large_image\" \/>\n<meta name=\"twitter:label1\" content=\"Gesch\u00e4tzte Lesezeit\" \/>\n\t<meta name=\"twitter:data1\" content=\"2\u00a0Minuten\" \/>\n<script type=\"application\/ld+json\" class=\"yoast-schema-graph\">{\"@context\":\"https:\/\/schema.org\",\"@graph\":[{\"@type\":\"WebPage\",\"@id\":\"http:\/\/schnauzer-vom-schwarzen-oleander.de\/?page_id=1574\",\"url\":\"http:\/\/schnauzer-vom-schwarzen-oleander.de\/?page_id=1574\",\"name\":\"Welpenstresstest - Schnauzer vom schwarzen Oleander\",\"isPartOf\":{\"@id\":\"https:\/\/schnauzer-vom-schwarzen-oleander.de\/#website\"},\"primaryImageOfPage\":{\"@id\":\"http:\/\/schnauzer-vom-schwarzen-oleander.de\/?page_id=1574#primaryimage\"},\"image\":{\"@id\":\"http:\/\/schnauzer-vom-schwarzen-oleander.de\/?page_id=1574#primaryimage\"},\"thumbnailUrl\":\"http:\/\/schnauzer-vom-schwarzen-oleander.de\/wp-content\/uploads\/2025\/05\/IMG_2187-1-scaled-e1747490926471-672x1024.jpg\",\"datePublished\":\"2025-05-09T17:26:27+00:00\",\"dateModified\":\"2025-05-17T14:09:34+00:00\",\"breadcrumb\":{\"@id\":\"http:\/\/schnauzer-vom-schwarzen-oleander.de\/?page_id=1574#breadcrumb\"},\"inLanguage\":\"de\",\"potentialAction\":[{\"@type\":\"ReadAction\",\"target\":[\"http:\/\/schnauzer-vom-schwarzen-oleander.de\/?page_id=1574\"]}]},{\"@type\":\"ImageObject\",\"inLanguage\":\"de\",\"@id\":\"http:\/\/schnauzer-vom-schwarzen-oleander.de\/?page_id=1574#primaryimage\",\"url\":\"https:\/\/schnauzer-vom-schwarzen-oleander.de\/wp-content\/uploads\/2025\/05\/IMG_2187-1-scaled-e1747490926471.jpg\",\"contentUrl\":\"https:\/\/schnauzer-vom-schwarzen-oleander.de\/wp-content\/uploads\/2025\/05\/IMG_2187-1-scaled-e1747490926471.jpg\",\"width\":1260,\"height\":1920},{\"@type\":\"BreadcrumbList\",\"@id\":\"http:\/\/schnauzer-vom-schwarzen-oleander.de\/?page_id=1574#breadcrumb\",\"itemListElement\":[{\"@type\":\"ListItem\",\"position\":1,\"name\":\"Startseite\",\"item\":\"https:\/\/schnauzer-vom-schwarzen-oleander.de\/\"},{\"@type\":\"ListItem\",\"position\":2,\"name\":\"Welpenstresstest\"}]},{\"@type\":\"WebSite\",\"@id\":\"https:\/\/schnauzer-vom-schwarzen-oleander.de\/#website\",\"url\":\"https:\/\/schnauzer-vom-schwarzen-oleander.de\/\",\"name\":\"Schnauzer vom schwarzen Oleander\",\"description\":\"\",\"potentialAction\":[{\"@type\":\"SearchAction\",\"target\":{\"@type\":\"EntryPoint\",\"urlTemplate\":\"https:\/\/schnauzer-vom-schwarzen-oleander.de\/?s={search_term_string}\"},\"query-input\":{\"@type\":\"PropertyValueSpecification\",\"valueRequired\":true,\"valueName\":\"search_term_string\"}}],\"inLanguage\":\"de\"}]}<\/script>\n<!-- \/ Yoast SEO plugin. -->","yoast_head_json":{"title":"Welpenstresstest - Schnauzer vom schwarzen Oleander","robots":{"index":"index","follow":"follow","max-snippet":"max-snippet:-1","max-image-preview":"max-image-preview:large","max-video-preview":"max-video-preview:-1"},"canonical":"http:\/\/schnauzer-vom-schwarzen-oleander.de\/?page_id=1574","og_locale":"de_DE","og_type":"article","og_title":"Welpenstresstest - Schnauzer vom schwarzen Oleander","og_description":"Fr\u00fchzeitige neurologische Stimulation beim Welpen \u201eWelpenstresstest\u201c Man geht davon aus, dass die Stimulationen das Nervensystem des Welpen dazu zwingen, bereits sehr fr\u00fch auf \u201cStress\u201d zu reagieren, was sich positiv auf ihre zuk\u00fcnftige Stresstoleranz auswirkt. Um das Nervensystem des Hundes bestm\u00f6glich zu beeinflussen, muss man 1x t\u00e4glich vom 3. \u2013 16. Lebenstag folgende \u00dcbungen durchf\u00fchren, die [&hellip;]","og_url":"http:\/\/schnauzer-vom-schwarzen-oleander.de\/?page_id=1574","og_site_name":"Schnauzer vom schwarzen Oleander","article_publisher":"http:\/\/www.facebook.com\/profile.php?id=61555224265230","article_modified_time":"2025-05-17T14:09:34+00:00","og_image":[{"url":"http:\/\/schnauzer-vom-schwarzen-oleander.de\/wp-content\/uploads\/2025\/05\/IMG_2187-1-scaled-e1747490926471-672x1024.jpg","type":"","width":"","height":""}],"twitter_card":"summary_large_image","twitter_misc":{"Gesch\u00e4tzte Lesezeit":"2\u00a0Minuten"},"schema":{"@context":"https:\/\/schema.org","@graph":[{"@type":"WebPage","@id":"http:\/\/schnauzer-vom-schwarzen-oleander.de\/?page_id=1574","url":"http:\/\/schnauzer-vom-schwarzen-oleander.de\/?page_id=1574","name":"Welpenstresstest - Schnauzer vom schwarzen Oleander","isPartOf":{"@id":"https:\/\/schnauzer-vom-schwarzen-oleander.de\/#website"},"primaryImageOfPage":{"@id":"http:\/\/schnauzer-vom-schwarzen-oleander.de\/?page_id=1574#primaryimage"},"image":{"@id":"http:\/\/schnauzer-vom-schwarzen-oleander.de\/?page_id=1574#primaryimage"},"thumbnailUrl":"http:\/\/schnauzer-vom-schwarzen-oleander.de\/wp-content\/uploads\/2025\/05\/IMG_2187-1-scaled-e1747490926471-672x1024.jpg","datePublished":"2025-05-09T17:26:27+00:00","dateModified":"2025-05-17T14:09:34+00:00","breadcrumb":{"@id":"http:\/\/schnauzer-vom-schwarzen-oleander.de\/?page_id=1574#breadcrumb"},"inLanguage":"de","potentialAction":[{"@type":"ReadAction","target":["http:\/\/schnauzer-vom-schwarzen-oleander.de\/?page_id=1574"]}]},{"@type":"ImageObject","inLanguage":"de","@id":"http:\/\/schnauzer-vom-schwarzen-oleander.de\/?page_id=1574#primaryimage","url":"https:\/\/schnauzer-vom-schwarzen-oleander.de\/wp-content\/uploads\/2025\/05\/IMG_2187-1-scaled-e1747490926471.jpg","contentUrl":"https:\/\/schnauzer-vom-schwarzen-oleander.de\/wp-content\/uploads\/2025\/05\/IMG_2187-1-scaled-e1747490926471.jpg","width":1260,"height":1920},{"@type":"BreadcrumbList","@id":"http:\/\/schnauzer-vom-schwarzen-oleander.de\/?page_id=1574#breadcrumb","itemListElement":[{"@type":"ListItem","position":1,"name":"Startseite","item":"https:\/\/schnauzer-vom-schwarzen-oleander.de\/"},{"@type":"ListItem","position":2,"name":"Welpenstresstest"}]},{"@type":"WebSite","@id":"https:\/\/schnauzer-vom-schwarzen-oleander.de\/#website","url":"https:\/\/schnauzer-vom-schwarzen-oleander.de\/","name":"Schnauzer vom schwarzen Oleander","description":"","potentialAction":[{"@type":"SearchAction","target":{"@type":"EntryPoint","urlTemplate":"https:\/\/schnauzer-vom-schwarzen-oleander.de\/?s={search_term_string}"},"query-input":{"@type":"PropertyValueSpecification","valueRequired":true,"valueName":"search_term_string"}}],"inLanguage":"de"}]}},"_links":{"self":[{"href":"https:\/\/schnauzer-vom-schwarzen-oleander.de\/index.php?rest_route=\/wp\/v2\/pages\/1574","targetHints":{"allow":["GET"]}}],"collection":[{"href":"https:\/\/schnauzer-vom-schwarzen-oleander.de\/index.php?rest_route=\/wp\/v2\/pages"}],"about":[{"href":"https:\/\/schnauzer-vom-schwarzen-oleander.de\/index.php?rest_route=\/wp\/v2\/types\/page"}],"author":[{"embeddable":true,"href":"https:\/\/schnauzer-vom-schwarzen-oleander.de\/index.php?rest_route=\/wp\/v2\/users\/1"}],"replies":[{"embeddable":true,"href":"https:\/\/schnauzer-vom-schwarzen-oleander.de\/index.php?rest_route=%2Fwp%2Fv2%2Fcomments&post=1574"}],"version-history":[{"count":50,"href":"https:\/\/schnauzer-vom-schwarzen-oleander.de\/index.php?rest_route=\/wp\/v2\/pages\/1574\/revisions"}],"predecessor-version":[{"id":1736,"href":"https:\/\/schnauzer-vom-schwarzen-oleander.de\/index.php?rest_route=\/wp\/v2\/pages\/1574\/revisions\/1736"}],"wp:attachment":[{"href":"https:\/\/schnauzer-vom-schwarzen-oleander.de\/index.php?rest_route=%2Fwp%2Fv2%2Fmedia&parent=1574"}],"curies":[{"name":"wp","href":"https:\/\/api.w.org\/{rel}","templated":true}]}}