{"id":1363,"date":"2025-04-25T16:00:48","date_gmt":"2025-04-25T16:00:48","guid":{"rendered":"https:\/\/schnauzer-vom-schwarzen-oleander.de\/?page_id=1363"},"modified":"2025-04-25T16:16:45","modified_gmt":"2025-04-25T16:16:45","slug":"a-wurf","status":"publish","type":"page","link":"https:\/\/schnauzer-vom-schwarzen-oleander.de\/?page_id=1363","title":{"rendered":"A-Wurf"},"content":{"rendered":"\n<h2 class=\"wp-block-heading\">Unsere Welpen sind gelandet!<\/h2>\n\n\n<p>Am 24. April 2025 hat unsere Lou 8 gesunde Welpen zur Welt gebracht. Darunter 4 R\u00fcden und 4 H\u00fcndinnen. Wir sind \u00fcbergl\u00fccklich und genie\u00dfen die ersten Tage mit den kleinen Rackern in vollen Z\u00fcgen.\u00a0<\/p>\n\n\n<div class=\"wp-block-columns is-layout-flex wp-container-core-columns-is-layout-1 wp-block-columns-is-layout-flex\">\n<div class=\"wp-block-column is-layout-flow wp-block-column-is-layout-flow\" style=\"flex-basis:33.33%\"><\/div>\n\n\n\n<div class=\"wp-block-column is-layout-flow wp-block-column-is-layout-flow\" style=\"flex-basis:66.66%\">\n<figure class=\"wp-block-image size-large is-resized\"><img loading=\"lazy\" decoding=\"async\" width=\"768\" height=\"1024\" src=\"http:\/\/schnauzer-vom-schwarzen-oleander.de\/wp-content\/uploads\/2025\/04\/IMG_1849-768x1024.jpg\" alt=\"\" class=\"wp-image-1360\" style=\"width:317px;height:auto\" srcset=\"https:\/\/schnauzer-vom-schwarzen-oleander.de\/wp-content\/uploads\/2025\/04\/IMG_1849-768x1024.jpg 768w, https:\/\/schnauzer-vom-schwarzen-oleander.de\/wp-content\/uploads\/2025\/04\/IMG_1849-225x300.jpg 225w, https:\/\/schnauzer-vom-schwarzen-oleander.de\/wp-content\/uploads\/2025\/04\/IMG_1849-1152x1536.jpg 1152w, https:\/\/schnauzer-vom-schwarzen-oleander.de\/wp-content\/uploads\/2025\/04\/IMG_1849.jpg 1200w\" sizes=\"auto, (max-width: 768px) 100vw, 768px\" \/><\/figure>\n<\/div>\n<\/div>\n\n\n\n<h2 class=\"wp-block-heading\">Der A-Wurf stellt sich vor!<\/h2>\n\n\n\n<div class=\"wp-block-columns is-layout-flex wp-container-core-columns-is-layout-2 wp-block-columns-is-layout-flex\">\n<div class=\"wp-block-column is-layout-flow wp-block-column-is-layout-flow\">\n<figure class=\"wp-block-image size-large\"><img loading=\"lazy\" decoding=\"async\" width=\"1024\" height=\"768\" src=\"http:\/\/schnauzer-vom-schwarzen-oleander.de\/wp-content\/uploads\/2025\/04\/IMG_1840-1024x768.jpg\" alt=\"\" class=\"wp-image-1353\" srcset=\"https:\/\/schnauzer-vom-schwarzen-oleander.de\/wp-content\/uploads\/2025\/04\/IMG_1840-1024x768.jpg 1024w, https:\/\/schnauzer-vom-schwarzen-oleander.de\/wp-content\/uploads\/2025\/04\/IMG_1840-300x225.jpg 300w, https:\/\/schnauzer-vom-schwarzen-oleander.de\/wp-content\/uploads\/2025\/04\/IMG_1840-768x576.jpg 768w, https:\/\/schnauzer-vom-schwarzen-oleander.de\/wp-content\/uploads\/2025\/04\/IMG_1840-1536x1152.jpg 1536w, https:\/\/schnauzer-vom-schwarzen-oleander.de\/wp-content\/uploads\/2025\/04\/IMG_1840.jpg 1600w\" sizes=\"auto, (max-width: 1024px) 100vw, 1024px\" \/><\/figure>\n<\/div>\n\n\n\n<div class=\"wp-block-column is-layout-flow wp-block-column-is-layout-flow\">\n<p>Herr Rot,<\/p>\n<p>machte den Anfang um 15:17 Uhr und ist mit seinen 283gr. der schwerste im Wurf.<\/p>\n<\/div>\n<\/div>\n\n\n\n<div class=\"wp-block-columns is-layout-flex wp-container-core-columns-is-layout-3 wp-block-columns-is-layout-flex\">\n<div class=\"wp-block-column is-layout-flow wp-block-column-is-layout-flow\">\n<figure class=\"wp-block-image size-large\"><img loading=\"lazy\" decoding=\"async\" width=\"1024\" height=\"768\" src=\"http:\/\/schnauzer-vom-schwarzen-oleander.de\/wp-content\/uploads\/2025\/04\/IMG_1844-1024x768.jpg\" alt=\"\" class=\"wp-image-1356\" srcset=\"https:\/\/schnauzer-vom-schwarzen-oleander.de\/wp-content\/uploads\/2025\/04\/IMG_1844-1024x768.jpg 1024w, https:\/\/schnauzer-vom-schwarzen-oleander.de\/wp-content\/uploads\/2025\/04\/IMG_1844-300x225.jpg 300w, https:\/\/schnauzer-vom-schwarzen-oleander.de\/wp-content\/uploads\/2025\/04\/IMG_1844-768x576.jpg 768w, https:\/\/schnauzer-vom-schwarzen-oleander.de\/wp-content\/uploads\/2025\/04\/IMG_1844-1536x1152.jpg 1536w, https:\/\/schnauzer-vom-schwarzen-oleander.de\/wp-content\/uploads\/2025\/04\/IMG_1844.jpg 1600w\" sizes=\"auto, (max-width: 1024px) 100vw, 1024px\" \/><\/figure>\n<\/div>\n\n\n\n<div class=\"wp-block-column is-layout-flow wp-block-column-is-layout-flow\">\n<p>Herr Grau,\u00a0<\/p>\n<p>der Zweite R\u00fcde wurde um 15:30 Uhr mit stolzen 253gr. geboren.<\/p>\n<\/div>\n<\/div>\n\n\n\n<div class=\"wp-block-columns is-layout-flex wp-container-core-columns-is-layout-4 wp-block-columns-is-layout-flex\">\n<div class=\"wp-block-column is-layout-flow wp-block-column-is-layout-flow\">\n<figure class=\"wp-block-image size-large\"><img loading=\"lazy\" decoding=\"async\" width=\"1024\" height=\"768\" src=\"http:\/\/schnauzer-vom-schwarzen-oleander.de\/wp-content\/uploads\/2025\/04\/IMG_1843-1024x768.jpg\" alt=\"\" class=\"wp-image-1355\" srcset=\"https:\/\/schnauzer-vom-schwarzen-oleander.de\/wp-content\/uploads\/2025\/04\/IMG_1843-1024x768.jpg 1024w, https:\/\/schnauzer-vom-schwarzen-oleander.de\/wp-content\/uploads\/2025\/04\/IMG_1843-300x225.jpg 300w, https:\/\/schnauzer-vom-schwarzen-oleander.de\/wp-content\/uploads\/2025\/04\/IMG_1843-768x576.jpg 768w, https:\/\/schnauzer-vom-schwarzen-oleander.de\/wp-content\/uploads\/2025\/04\/IMG_1843-1536x1152.jpg 1536w, https:\/\/schnauzer-vom-schwarzen-oleander.de\/wp-content\/uploads\/2025\/04\/IMG_1843.jpg 1600w\" sizes=\"auto, (max-width: 1024px) 100vw, 1024px\" \/><\/figure>\n<\/div>\n\n\n\n<div class=\"wp-block-column is-layout-flow wp-block-column-is-layout-flow\">\n<p>Frau Rosa,<\/p>\n<p>unser erstes und st\u00e4rkstes M\u00e4dchen brachte ganze 278gr. auf die Wage und kam um 15:58 Uhr auf die Welt.<\/p>\n<\/div>\n<\/div>\n\n\n\n<div class=\"wp-block-columns is-layout-flex wp-container-core-columns-is-layout-5 wp-block-columns-is-layout-flex\">\n<div class=\"wp-block-column is-layout-flow wp-block-column-is-layout-flow\">\n<figure class=\"wp-block-image size-large\"><img loading=\"lazy\" decoding=\"async\" width=\"1024\" height=\"768\" src=\"http:\/\/schnauzer-vom-schwarzen-oleander.de\/wp-content\/uploads\/2025\/04\/IMG_1841-1024x768.jpg\" alt=\"\" class=\"wp-image-1354\" srcset=\"https:\/\/schnauzer-vom-schwarzen-oleander.de\/wp-content\/uploads\/2025\/04\/IMG_1841-1024x768.jpg 1024w, https:\/\/schnauzer-vom-schwarzen-oleander.de\/wp-content\/uploads\/2025\/04\/IMG_1841-300x225.jpg 300w, https:\/\/schnauzer-vom-schwarzen-oleander.de\/wp-content\/uploads\/2025\/04\/IMG_1841-768x576.jpg 768w, https:\/\/schnauzer-vom-schwarzen-oleander.de\/wp-content\/uploads\/2025\/04\/IMG_1841-1536x1152.jpg 1536w, https:\/\/schnauzer-vom-schwarzen-oleander.de\/wp-content\/uploads\/2025\/04\/IMG_1841.jpg 1600w\" sizes=\"auto, (max-width: 1024px) 100vw, 1024px\" \/><\/figure>\n<\/div>\n\n\n\n<div class=\"wp-block-column is-layout-flow wp-block-column-is-layout-flow\">\n<p>Herr Orange,<\/p>\n<p>unser dritter R\u00fcde mit 268gr. wurde um 16:09 Uhr geboren und kam \u00fcber 2 Stunden vor unseren &#8220;Zwillingen&#8221;.<\/p>\n<\/div>\n<\/div>\n\n\n\n<div class=\"wp-block-columns is-layout-flex wp-container-core-columns-is-layout-6 wp-block-columns-is-layout-flex\">\n<div class=\"wp-block-column is-layout-flow wp-block-column-is-layout-flow\">\n<figure class=\"wp-block-image size-large\"><img loading=\"lazy\" decoding=\"async\" width=\"1024\" height=\"768\" src=\"http:\/\/schnauzer-vom-schwarzen-oleander.de\/wp-content\/uploads\/2025\/04\/IMG_1838-1024x768.jpg\" alt=\"\" class=\"wp-image-1359\" srcset=\"https:\/\/schnauzer-vom-schwarzen-oleander.de\/wp-content\/uploads\/2025\/04\/IMG_1838-1024x768.jpg 1024w, https:\/\/schnauzer-vom-schwarzen-oleander.de\/wp-content\/uploads\/2025\/04\/IMG_1838-300x225.jpg 300w, https:\/\/schnauzer-vom-schwarzen-oleander.de\/wp-content\/uploads\/2025\/04\/IMG_1838-768x576.jpg 768w, https:\/\/schnauzer-vom-schwarzen-oleander.de\/wp-content\/uploads\/2025\/04\/IMG_1838-1536x1152.jpg 1536w, https:\/\/schnauzer-vom-schwarzen-oleander.de\/wp-content\/uploads\/2025\/04\/IMG_1838.jpg 1600w\" sizes=\"auto, (max-width: 1024px) 100vw, 1024px\" \/><\/figure>\n<\/div>\n\n\n\n<div class=\"wp-block-column is-layout-flow wp-block-column-is-layout-flow\">\n<p>Frau T\u00fcrkis,<\/p>\n<p>unsere kleinste kam mit 197gr. kam im Doppelpack mit ihrem Bruder Herr Braun um 18:43 Uhr auf die Welt. Die beiden brachten uns ganz sch\u00f6n ins schwitzen&#8230;<\/p>\n<\/div>\n<\/div>\n\n\n\n<div class=\"wp-block-columns is-layout-flex wp-container-core-columns-is-layout-7 wp-block-columns-is-layout-flex\">\n<div class=\"wp-block-column is-layout-flow wp-block-column-is-layout-flow\">\n<figure class=\"wp-block-image size-large\"><img loading=\"lazy\" decoding=\"async\" width=\"1024\" height=\"768\" src=\"http:\/\/schnauzer-vom-schwarzen-oleander.de\/wp-content\/uploads\/2025\/04\/IMG_1847-1024x768.jpg\" alt=\"\" class=\"wp-image-1352\" srcset=\"https:\/\/schnauzer-vom-schwarzen-oleander.de\/wp-content\/uploads\/2025\/04\/IMG_1847-1024x768.jpg 1024w, https:\/\/schnauzer-vom-schwarzen-oleander.de\/wp-content\/uploads\/2025\/04\/IMG_1847-300x225.jpg 300w, https:\/\/schnauzer-vom-schwarzen-oleander.de\/wp-content\/uploads\/2025\/04\/IMG_1847-768x576.jpg 768w, https:\/\/schnauzer-vom-schwarzen-oleander.de\/wp-content\/uploads\/2025\/04\/IMG_1847-1536x1152.jpg 1536w, https:\/\/schnauzer-vom-schwarzen-oleander.de\/wp-content\/uploads\/2025\/04\/IMG_1847.jpg 1600w\" sizes=\"auto, (max-width: 1024px) 100vw, 1024px\" \/><\/figure>\n<\/div>\n\n\n\n<div class=\"wp-block-column is-layout-flow wp-block-column-is-layout-flow\">\n<p>Herr Braun,<\/p>\n<p>ist mit 245gr. unser kleinster R\u00fcde und hat seit seiner Geburt um 18:43 Uhr auch schon gut zugelegt.<\/p>\n<\/div>\n<\/div>\n\n\n\n<div class=\"wp-block-columns is-layout-flex wp-container-core-columns-is-layout-8 wp-block-columns-is-layout-flex\">\n<div class=\"wp-block-column is-layout-flow wp-block-column-is-layout-flow\">\n<figure class=\"wp-block-image size-large\"><img loading=\"lazy\" decoding=\"async\" width=\"1024\" height=\"768\" src=\"http:\/\/schnauzer-vom-schwarzen-oleander.de\/wp-content\/uploads\/2025\/04\/IMG_1839-1024x768.jpg\" alt=\"\" class=\"wp-image-1358\" srcset=\"https:\/\/schnauzer-vom-schwarzen-oleander.de\/wp-content\/uploads\/2025\/04\/IMG_1839-1024x768.jpg 1024w, https:\/\/schnauzer-vom-schwarzen-oleander.de\/wp-content\/uploads\/2025\/04\/IMG_1839-300x225.jpg 300w, https:\/\/schnauzer-vom-schwarzen-oleander.de\/wp-content\/uploads\/2025\/04\/IMG_1839-768x576.jpg 768w, https:\/\/schnauzer-vom-schwarzen-oleander.de\/wp-content\/uploads\/2025\/04\/IMG_1839-1536x1152.jpg 1536w, https:\/\/schnauzer-vom-schwarzen-oleander.de\/wp-content\/uploads\/2025\/04\/IMG_1839.jpg 1600w\" sizes=\"auto, (max-width: 1024px) 100vw, 1024px\" \/><\/figure>\n<\/div>\n\n\n\n<div class=\"wp-block-column is-layout-flow wp-block-column-is-layout-flow\">\n<p>Frau Blau,<\/p>\n<p>unser drittes M\u00e4dchen wurde mit 253gr. um 18:56 Uhr geboren.<\/p>\n<\/div>\n<\/div>\n\n\n\n<div class=\"wp-block-columns is-layout-flex wp-container-core-columns-is-layout-9 wp-block-columns-is-layout-flex\">\n<div class=\"wp-block-column is-layout-flow wp-block-column-is-layout-flow\">\n<figure class=\"wp-block-image size-large\"><img loading=\"lazy\" decoding=\"async\" width=\"1024\" height=\"768\" src=\"http:\/\/schnauzer-vom-schwarzen-oleander.de\/wp-content\/uploads\/2025\/04\/IMG_1845-1024x768.jpg\" alt=\"\" class=\"wp-image-1357\" srcset=\"https:\/\/schnauzer-vom-schwarzen-oleander.de\/wp-content\/uploads\/2025\/04\/IMG_1845-1024x768.jpg 1024w, https:\/\/schnauzer-vom-schwarzen-oleander.de\/wp-content\/uploads\/2025\/04\/IMG_1845-300x225.jpg 300w, https:\/\/schnauzer-vom-schwarzen-oleander.de\/wp-content\/uploads\/2025\/04\/IMG_1845-768x576.jpg 768w, https:\/\/schnauzer-vom-schwarzen-oleander.de\/wp-content\/uploads\/2025\/04\/IMG_1845-1536x1152.jpg 1536w, https:\/\/schnauzer-vom-schwarzen-oleander.de\/wp-content\/uploads\/2025\/04\/IMG_1845.jpg 1600w\" sizes=\"auto, (max-width: 1024px) 100vw, 1024px\" \/><\/figure>\n<\/div>\n\n\n\n<div class=\"wp-block-column is-layout-flow wp-block-column-is-layout-flow\">\n<p>Frau Gr\u00fcn,<\/p>\n<p>ist mit ihren 229gr. unser Nesth\u00e4chen und beendete die Geburt von Lou um 20:08 Uhr.<\/p>\n<\/div>\n<\/div>\n\n\n<p>Alle sind putzmunter und halten ihre Mama ganz sch\u00f6n auf trapp. Lou k\u00fcmmert sich liebevoll um die kleinen und l\u00e4sst sie keinen Moment aus den Augen.<\/p>\n<\/p>\n\n\n<h2 class=\"wp-block-heading\">Ein kleiner Einblick in die Wurfkiste&#8230;<\/h2>\n\n\n\n<div class=\"wp-block-columns is-layout-flex wp-container-core-columns-is-layout-10 wp-block-columns-is-layout-flex\">\n<div class=\"wp-block-column is-layout-flow wp-block-column-is-layout-flow\" style=\"flex-basis:66.66%\">\n<figure class=\"wp-block-video\"><video controls src=\"https:\/\/schnauzer-vom-schwarzen-oleander.de\/wp-content\/uploads\/2025\/04\/HFRI0654-1.mp4\"><\/video><\/figure>\n<\/div>\n\n\n\n<div class=\"wp-block-column is-layout-flow wp-block-column-is-layout-flow\" style=\"flex-basis:33.33%\"><\/div>\n<\/div>\n","protected":false},"excerpt":{"rendered":"<p>Unsere Welpen sind gelandet! Am 24. April 2025 hat unsere Lou 8 gesunde Welpen zur Welt gebracht. Darunter 4 R\u00fcden und 4 H\u00fcndinnen. Wir sind \u00fcbergl\u00fccklich und genie\u00dfen die ersten Tage mit den kleinen Rackern in vollen Z\u00fcgen.\u00a0 Der A-Wurf stellt sich vor! Herr Rot, machte den Anfang um 15:17 Uhr und ist mit seinen [&hellip;]<\/p>\n","protected":false},"author":1,"featured_media":0,"parent":0,"menu_order":0,"comment_status":"closed","ping_status":"closed","template":"","meta":{"footnotes":""},"class_list":["post-1363","page","type-page","status-publish","hentry","post"],"yoast_head":"<!-- This site is optimized with the Yoast SEO plugin v26.8 - https:\/\/yoast.com\/product\/yoast-seo-wordpress\/ -->\n<title>A-Wurf - Schnauzer vom schwarzen Oleander<\/title>\n<meta name=\"robots\" content=\"index, follow, max-snippet:-1, max-image-preview:large, max-video-preview:-1\" \/>\n<link rel=\"canonical\" href=\"http:\/\/schnauzer-vom-schwarzen-oleander.de\/?page_id=1363\" \/>\n<meta property=\"og:locale\" content=\"de_DE\" \/>\n<meta property=\"og:type\" content=\"article\" \/>\n<meta property=\"og:title\" content=\"A-Wurf - Schnauzer vom schwarzen Oleander\" \/>\n<meta property=\"og:description\" content=\"Unsere Welpen sind gelandet! Am 24. April 2025 hat unsere Lou 8 gesunde Welpen zur Welt gebracht. Darunter 4 R\u00fcden und 4 H\u00fcndinnen. Wir sind \u00fcbergl\u00fccklich und genie\u00dfen die ersten Tage mit den kleinen Rackern in vollen Z\u00fcgen.\u00a0 Der A-Wurf stellt sich vor! Herr Rot, machte den Anfang um 15:17 Uhr und ist mit seinen [&hellip;]\" \/>\n<meta property=\"og:url\" content=\"http:\/\/schnauzer-vom-schwarzen-oleander.de\/?page_id=1363\" \/>\n<meta property=\"og:site_name\" content=\"Schnauzer vom schwarzen Oleander\" \/>\n<meta property=\"article:publisher\" content=\"http:\/\/www.facebook.com\/profile.php?id=61555224265230\" \/>\n<meta property=\"article:modified_time\" content=\"2025-04-25T16:16:45+00:00\" \/>\n<meta property=\"og:image\" content=\"http:\/\/schnauzer-vom-schwarzen-oleander.de\/wp-content\/uploads\/2025\/04\/IMG_1849-768x1024.jpg\" \/>\n<meta name=\"twitter:card\" content=\"summary_large_image\" \/>\n<meta name=\"twitter:label1\" content=\"Gesch\u00e4tzte Lesezeit\" \/>\n\t<meta name=\"twitter:data1\" content=\"4\u00a0Minuten\" \/>\n<script type=\"application\/ld+json\" class=\"yoast-schema-graph\">{\"@context\":\"https:\/\/schema.org\",\"@graph\":[{\"@type\":\"WebPage\",\"@id\":\"http:\/\/schnauzer-vom-schwarzen-oleander.de\/?page_id=1363\",\"url\":\"http:\/\/schnauzer-vom-schwarzen-oleander.de\/?page_id=1363\",\"name\":\"A-Wurf - Schnauzer vom schwarzen Oleander\",\"isPartOf\":{\"@id\":\"https:\/\/schnauzer-vom-schwarzen-oleander.de\/#website\"},\"primaryImageOfPage\":{\"@id\":\"http:\/\/schnauzer-vom-schwarzen-oleander.de\/?page_id=1363#primaryimage\"},\"image\":{\"@id\":\"http:\/\/schnauzer-vom-schwarzen-oleander.de\/?page_id=1363#primaryimage\"},\"thumbnailUrl\":\"http:\/\/schnauzer-vom-schwarzen-oleander.de\/wp-content\/uploads\/2025\/04\/IMG_1849-768x1024.jpg\",\"datePublished\":\"2025-04-25T16:00:48+00:00\",\"dateModified\":\"2025-04-25T16:16:45+00:00\",\"breadcrumb\":{\"@id\":\"http:\/\/schnauzer-vom-schwarzen-oleander.de\/?page_id=1363#breadcrumb\"},\"inLanguage\":\"de\",\"potentialAction\":[{\"@type\":\"ReadAction\",\"target\":[\"http:\/\/schnauzer-vom-schwarzen-oleander.de\/?page_id=1363\"]}]},{\"@type\":\"ImageObject\",\"inLanguage\":\"de\",\"@id\":\"http:\/\/schnauzer-vom-schwarzen-oleander.de\/?page_id=1363#primaryimage\",\"url\":\"https:\/\/schnauzer-vom-schwarzen-oleander.de\/wp-content\/uploads\/2025\/04\/IMG_1849.jpg\",\"contentUrl\":\"https:\/\/schnauzer-vom-schwarzen-oleander.de\/wp-content\/uploads\/2025\/04\/IMG_1849.jpg\",\"width\":1200,\"height\":1600},{\"@type\":\"BreadcrumbList\",\"@id\":\"http:\/\/schnauzer-vom-schwarzen-oleander.de\/?page_id=1363#breadcrumb\",\"itemListElement\":[{\"@type\":\"ListItem\",\"position\":1,\"name\":\"Startseite\",\"item\":\"https:\/\/schnauzer-vom-schwarzen-oleander.de\/\"},{\"@type\":\"ListItem\",\"position\":2,\"name\":\"A-Wurf\"}]},{\"@type\":\"WebSite\",\"@id\":\"https:\/\/schnauzer-vom-schwarzen-oleander.de\/#website\",\"url\":\"https:\/\/schnauzer-vom-schwarzen-oleander.de\/\",\"name\":\"Schnauzer vom schwarzen Oleander\",\"description\":\"\",\"potentialAction\":[{\"@type\":\"SearchAction\",\"target\":{\"@type\":\"EntryPoint\",\"urlTemplate\":\"https:\/\/schnauzer-vom-schwarzen-oleander.de\/?s={search_term_string}\"},\"query-input\":{\"@type\":\"PropertyValueSpecification\",\"valueRequired\":true,\"valueName\":\"search_term_string\"}}],\"inLanguage\":\"de\"}]}<\/script>\n<!-- \/ Yoast SEO plugin. -->","yoast_head_json":{"title":"A-Wurf - Schnauzer vom schwarzen Oleander","robots":{"index":"index","follow":"follow","max-snippet":"max-snippet:-1","max-image-preview":"max-image-preview:large","max-video-preview":"max-video-preview:-1"},"canonical":"http:\/\/schnauzer-vom-schwarzen-oleander.de\/?page_id=1363","og_locale":"de_DE","og_type":"article","og_title":"A-Wurf - Schnauzer vom schwarzen Oleander","og_description":"Unsere Welpen sind gelandet! Am 24. April 2025 hat unsere Lou 8 gesunde Welpen zur Welt gebracht. Darunter 4 R\u00fcden und 4 H\u00fcndinnen. Wir sind \u00fcbergl\u00fccklich und genie\u00dfen die ersten Tage mit den kleinen Rackern in vollen Z\u00fcgen.\u00a0 Der A-Wurf stellt sich vor! Herr Rot, machte den Anfang um 15:17 Uhr und ist mit seinen [&hellip;]","og_url":"http:\/\/schnauzer-vom-schwarzen-oleander.de\/?page_id=1363","og_site_name":"Schnauzer vom schwarzen Oleander","article_publisher":"http:\/\/www.facebook.com\/profile.php?id=61555224265230","article_modified_time":"2025-04-25T16:16:45+00:00","og_image":[{"url":"http:\/\/schnauzer-vom-schwarzen-oleander.de\/wp-content\/uploads\/2025\/04\/IMG_1849-768x1024.jpg","type":"","width":"","height":""}],"twitter_card":"summary_large_image","twitter_misc":{"Gesch\u00e4tzte Lesezeit":"4\u00a0Minuten"},"schema":{"@context":"https:\/\/schema.org","@graph":[{"@type":"WebPage","@id":"http:\/\/schnauzer-vom-schwarzen-oleander.de\/?page_id=1363","url":"http:\/\/schnauzer-vom-schwarzen-oleander.de\/?page_id=1363","name":"A-Wurf - Schnauzer vom schwarzen Oleander","isPartOf":{"@id":"https:\/\/schnauzer-vom-schwarzen-oleander.de\/#website"},"primaryImageOfPage":{"@id":"http:\/\/schnauzer-vom-schwarzen-oleander.de\/?page_id=1363#primaryimage"},"image":{"@id":"http:\/\/schnauzer-vom-schwarzen-oleander.de\/?page_id=1363#primaryimage"},"thumbnailUrl":"http:\/\/schnauzer-vom-schwarzen-oleander.de\/wp-content\/uploads\/2025\/04\/IMG_1849-768x1024.jpg","datePublished":"2025-04-25T16:00:48+00:00","dateModified":"2025-04-25T16:16:45+00:00","breadcrumb":{"@id":"http:\/\/schnauzer-vom-schwarzen-oleander.de\/?page_id=1363#breadcrumb"},"inLanguage":"de","potentialAction":[{"@type":"ReadAction","target":["http:\/\/schnauzer-vom-schwarzen-oleander.de\/?page_id=1363"]}]},{"@type":"ImageObject","inLanguage":"de","@id":"http:\/\/schnauzer-vom-schwarzen-oleander.de\/?page_id=1363#primaryimage","url":"https:\/\/schnauzer-vom-schwarzen-oleander.de\/wp-content\/uploads\/2025\/04\/IMG_1849.jpg","contentUrl":"https:\/\/schnauzer-vom-schwarzen-oleander.de\/wp-content\/uploads\/2025\/04\/IMG_1849.jpg","width":1200,"height":1600},{"@type":"BreadcrumbList","@id":"http:\/\/schnauzer-vom-schwarzen-oleander.de\/?page_id=1363#breadcrumb","itemListElement":[{"@type":"ListItem","position":1,"name":"Startseite","item":"https:\/\/schnauzer-vom-schwarzen-oleander.de\/"},{"@type":"ListItem","position":2,"name":"A-Wurf"}]},{"@type":"WebSite","@id":"https:\/\/schnauzer-vom-schwarzen-oleander.de\/#website","url":"https:\/\/schnauzer-vom-schwarzen-oleander.de\/","name":"Schnauzer vom schwarzen Oleander","description":"","potentialAction":[{"@type":"SearchAction","target":{"@type":"EntryPoint","urlTemplate":"https:\/\/schnauzer-vom-schwarzen-oleander.de\/?s={search_term_string}"},"query-input":{"@type":"PropertyValueSpecification","valueRequired":true,"valueName":"search_term_string"}}],"inLanguage":"de"}]}},"_links":{"self":[{"href":"https:\/\/schnauzer-vom-schwarzen-oleander.de\/index.php?rest_route=\/wp\/v2\/pages\/1363","targetHints":{"allow":["GET"]}}],"collection":[{"href":"https:\/\/schnauzer-vom-schwarzen-oleander.de\/index.php?rest_route=\/wp\/v2\/pages"}],"about":[{"href":"https:\/\/schnauzer-vom-schwarzen-oleander.de\/index.php?rest_route=\/wp\/v2\/types\/page"}],"author":[{"embeddable":true,"href":"https:\/\/schnauzer-vom-schwarzen-oleander.de\/index.php?rest_route=\/wp\/v2\/users\/1"}],"replies":[{"embeddable":true,"href":"https:\/\/schnauzer-vom-schwarzen-oleander.de\/index.php?rest_route=%2Fwp%2Fv2%2Fcomments&post=1363"}],"version-history":[{"count":5,"href":"https:\/\/schnauzer-vom-schwarzen-oleander.de\/index.php?rest_route=\/wp\/v2\/pages\/1363\/revisions"}],"predecessor-version":[{"id":1379,"href":"https:\/\/schnauzer-vom-schwarzen-oleander.de\/index.php?rest_route=\/wp\/v2\/pages\/1363\/revisions\/1379"}],"wp:attachment":[{"href":"https:\/\/schnauzer-vom-schwarzen-oleander.de\/index.php?rest_route=%2Fwp%2Fv2%2Fmedia&parent=1363"}],"curies":[{"name":"wp","href":"https:\/\/api.w.org\/{rel}","templated":true}]}}